{"id":52,"date":"2013-11-03T00:54:50","date_gmt":"2013-11-02T22:54:50","guid":{"rendered":"http:\/\/www.rufv-altendorf.de\/?page_id=52"},"modified":"2014-07-09T23:24:55","modified_gmt":"2014-07-09T22:24:55","slug":"vereinsgeschichte","status":"publish","type":"page","link":"http:\/\/www.rufv-altendorf.de\/?page_id=52","title":{"rendered":"Vereinsgeschichte"},"content":{"rendered":"<h2><span style=\"color: #993300;\">20. Mai 1914<\/span><\/h2>\n<p>Gr\u00fcndung des Reit- und Fahrvereins Altendorf inm Vereinslokal Hehling. die Mitglieder kamen aus den Ortschaften: Steimke, Jahrstedt, Brome, Benitz, Wiswedel, Bergfeld, Nettgau, T\u00fclau und Altendorf. Aufgrund des Ausbruches des 1. Weltkrieges ruhte die Vereinst\u00e4tigkeit bereits ca. 6 Monate nach Gr\u00fcndung.<\/p>\n<h2><span style=\"color: #993300;\">30. Januar 1921<\/span><\/h2>\n<p>1. Generalversammlung nach dem 1. Weltkrieg in Altendorf<\/p>\n<h2><span style=\"color: #993300;\">1933<\/span><\/h2>\n<p>Der Reitverein wird als Vereinigung passiver Mitglieder weitergef\u00fchrt.<\/p>\n<h2><span style=\"color: #993300;\">26. Oktober 1946<\/span><\/h2>\n<p>Neugr\u00fcndung des Reit- und Fahrvereins Altendorf.Im gleichen Jahr wird der Reitplatz nach Voitze verlegt. In den folgenden Jahren wird auch in Zasenbeck\/Plastau, wo der Reitverein eine Unterabteilung unterh\u00e4lt, Reitunterricht erteilt.<\/p>\n<h2><span style=\"color: #993300;\">50er Jahre<\/span><\/h2>\n<p>Es werden Kontakte zu Nachbarreitvereinen der ehemaligen DDR unterhalten.<\/p>\n<h2><span style=\"color: #993300;\">1965<\/span><\/h2>\n<p>Der Reitverein pachtet ein altes S\u00e4gewerk in der Salzwedeler Str. in Brome. Es konnte im Winter der Reitbetrieb aufrechterhalten werden.<\/p>\n<h2><span style=\"color: #993300;\">1972<\/span><\/h2>\n<p>Der Reitverein erh\u00e4lt sein heutiges Zuhause am J\u00fcbarschen Weg in Brome. In m\u00fchevoller Eigenleistung wird die Reithalle samt Aussenreitpl\u00e4tzen errichtet. 1973 werden Jugendraum und Toiletten errichtet.<\/p>\n<h2><span style=\"color: #993300;\">1980 \/ 1981<\/span><\/h2>\n<p>Anfang der 80er Jahre werden Reithallen-Anbau (Anbinderaum) geplant und realisiert. Weiterhin erfolgt der Ausbau der Richterkabine, der Teek\u00fcche und Zuschauertrib\u00fcne auf der Stirnseite der Halle.Im weiteren Verlauf der 80er Jahre erfolgen Satzungs\u00e4nderungen, die die Gemeinn\u00fctzigkeit sicher- stellen sollen.<\/p>\n<h2><span style=\"color: #993300;\">1987<\/span><\/h2>\n<p>Die Abbuchungspflich f\u00fcr den Vereinsbeitrag wird in die Satzung \u00fcbernommen. Der Familienbeitrag wird in Einzelbeitrag ge\u00e4ndert.<\/p>\n<h2><span style=\"color: #993300;\">1989<\/span><\/h2>\n<p>Der Reitverein feiert sein 75 j\u00e4hriges Jubil\u00e4um mit einem Turnier und einer grossen Feier.Im Herbst bzw. Winter erfolgt die \u00d6ffnung der Grenze zur ehemaligen DDR. Es werden wieder freundschaftliche Beziehungen zu Reitern und Vereinen der der ehemaligen DDR unterhalten.<\/p>\n<h2><span style=\"color: #993300;\">90er Jahre<\/span><\/h2>\n<p>Die Reitanlage erh\u00e4lt ihr heutiges Erscheinungsbild. Der Hallenanbau wird erweitert, zum benachbarten Wohngebiet wird eine Hecke gepflanzt.<\/p>\n","protected":false},"excerpt":{"rendered":"<p>20. Mai 1914 Gr\u00fcndung des Reit- und Fahrvereins Altendorf inm Vereinslokal Hehling. die Mitglieder kamen aus den Ortschaften: Steimke, Jahrstedt, Brome, Benitz, Wiswedel, Bergfeld, Nettgau, T\u00fclau und Altendorf. Aufgrund des Ausbruches des 1. Weltkrieges ruhte die Vereinst\u00e4tigkeit bereits ca. 6 Monate nach Gr\u00fcndung. 30. Januar 1921 1. Generalversammlung nach dem 1. Weltkrieg in Altendorf 1933 [&hellip;]<\/p>\n","protected":false},"author":1,"featured_media":0,"parent":36,"menu_order":0,"comment_status":"closed","ping_status":"closed","template":"","meta":{"ngg_post_thumbnail":0,"footnotes":""},"class_list":["post-52","page","type-page","status-publish","hentry"],"yoast_head":"<!-- This site is optimized with the Yoast SEO plugin v26.8 - https:\/\/yoast.com\/product\/yoast-seo-wordpress\/ -->\n<title>Vereinsgeschichte - Reit und Fahrverein Altendorf<\/title>\n<meta name=\"robots\" content=\"index, follow, max-snippet:-1, max-image-preview:large, max-video-preview:-1\" \/>\n<link rel=\"canonical\" href=\"http:\/\/www.rufv-altendorf.de\/?page_id=52\" \/>\n<meta property=\"og:locale\" content=\"de_DE\" \/>\n<meta property=\"og:type\" content=\"article\" \/>\n<meta property=\"og:title\" content=\"Vereinsgeschichte - Reit und Fahrverein Altendorf\" \/>\n<meta property=\"og:description\" content=\"20. Mai 1914 Gr\u00fcndung des Reit- und Fahrvereins Altendorf inm Vereinslokal Hehling. die Mitglieder kamen aus den Ortschaften: Steimke, Jahrstedt, Brome, Benitz, Wiswedel, Bergfeld, Nettgau, T\u00fclau und Altendorf. Aufgrund des Ausbruches des 1. Weltkrieges ruhte die Vereinst\u00e4tigkeit bereits ca. 6 Monate nach Gr\u00fcndung. 30. Januar 1921 1. Generalversammlung nach dem 1. Weltkrieg in Altendorf 1933 [&hellip;]\" \/>\n<meta property=\"og:url\" content=\"http:\/\/www.rufv-altendorf.de\/?page_id=52\" \/>\n<meta property=\"og:site_name\" content=\"Reit und Fahrverein Altendorf\" \/>\n<meta property=\"article:modified_time\" content=\"2014-07-09T22:24:55+00:00\" \/>\n<meta name=\"twitter:card\" content=\"summary_large_image\" \/>\n<meta name=\"twitter:label1\" content=\"Gesch\u00e4tzte Lesezeit\" \/>\n\t<meta name=\"twitter:data1\" content=\"1\u00a0Minute\" \/>\n<script type=\"application\/ld+json\" class=\"yoast-schema-graph\">{\"@context\":\"https:\/\/schema.org\",\"@graph\":[{\"@type\":\"WebPage\",\"@id\":\"http:\/\/www.rufv-altendorf.de\/?page_id=52\",\"url\":\"http:\/\/www.rufv-altendorf.de\/?page_id=52\",\"name\":\"Vereinsgeschichte - Reit und Fahrverein Altendorf\",\"isPartOf\":{\"@id\":\"http:\/\/www.rufv-altendorf.de\/#website\"},\"datePublished\":\"2013-11-02T22:54:50+00:00\",\"dateModified\":\"2014-07-09T22:24:55+00:00\",\"breadcrumb\":{\"@id\":\"http:\/\/www.rufv-altendorf.de\/?page_id=52#breadcrumb\"},\"inLanguage\":\"de\",\"potentialAction\":[{\"@type\":\"ReadAction\",\"target\":[\"http:\/\/www.rufv-altendorf.de\/?page_id=52\"]}]},{\"@type\":\"BreadcrumbList\",\"@id\":\"http:\/\/www.rufv-altendorf.de\/?page_id=52#breadcrumb\",\"itemListElement\":[{\"@type\":\"ListItem\",\"position\":1,\"name\":\"Startseite\",\"item\":\"http:\/\/www.rufv-altendorf.de\/\"},{\"@type\":\"ListItem\",\"position\":2,\"name\":\"Unser Verein\",\"item\":\"http:\/\/www.rufv-altendorf.de\/?page_id=36\"},{\"@type\":\"ListItem\",\"position\":3,\"name\":\"Vereinsgeschichte\"}]},{\"@type\":\"WebSite\",\"@id\":\"http:\/\/www.rufv-altendorf.de\/#website\",\"url\":\"http:\/\/www.rufv-altendorf.de\/\",\"name\":\"Reit und Fahrverein Altendorf\",\"description\":\"\",\"potentialAction\":[{\"@type\":\"SearchAction\",\"target\":{\"@type\":\"EntryPoint\",\"urlTemplate\":\"http:\/\/www.rufv-altendorf.de\/?s={search_term_string}\"},\"query-input\":{\"@type\":\"PropertyValueSpecification\",\"valueRequired\":true,\"valueName\":\"search_term_string\"}}],\"inLanguage\":\"de\"}]}<\/script>\n<!-- \/ Yoast SEO plugin. -->","yoast_head_json":{"title":"Vereinsgeschichte - Reit und Fahrverein Altendorf","robots":{"index":"index","follow":"follow","max-snippet":"max-snippet:-1","max-image-preview":"max-image-preview:large","max-video-preview":"max-video-preview:-1"},"canonical":"http:\/\/www.rufv-altendorf.de\/?page_id=52","og_locale":"de_DE","og_type":"article","og_title":"Vereinsgeschichte - Reit und Fahrverein Altendorf","og_description":"20. Mai 1914 Gr\u00fcndung des Reit- und Fahrvereins Altendorf inm Vereinslokal Hehling. die Mitglieder kamen aus den Ortschaften: Steimke, Jahrstedt, Brome, Benitz, Wiswedel, Bergfeld, Nettgau, T\u00fclau und Altendorf. Aufgrund des Ausbruches des 1. Weltkrieges ruhte die Vereinst\u00e4tigkeit bereits ca. 6 Monate nach Gr\u00fcndung. 30. Januar 1921 1. Generalversammlung nach dem 1. Weltkrieg in Altendorf 1933 [&hellip;]","og_url":"http:\/\/www.rufv-altendorf.de\/?page_id=52","og_site_name":"Reit und Fahrverein Altendorf","article_modified_time":"2014-07-09T22:24:55+00:00","twitter_card":"summary_large_image","twitter_misc":{"Gesch\u00e4tzte Lesezeit":"1\u00a0Minute"},"schema":{"@context":"https:\/\/schema.org","@graph":[{"@type":"WebPage","@id":"http:\/\/www.rufv-altendorf.de\/?page_id=52","url":"http:\/\/www.rufv-altendorf.de\/?page_id=52","name":"Vereinsgeschichte - Reit und Fahrverein Altendorf","isPartOf":{"@id":"http:\/\/www.rufv-altendorf.de\/#website"},"datePublished":"2013-11-02T22:54:50+00:00","dateModified":"2014-07-09T22:24:55+00:00","breadcrumb":{"@id":"http:\/\/www.rufv-altendorf.de\/?page_id=52#breadcrumb"},"inLanguage":"de","potentialAction":[{"@type":"ReadAction","target":["http:\/\/www.rufv-altendorf.de\/?page_id=52"]}]},{"@type":"BreadcrumbList","@id":"http:\/\/www.rufv-altendorf.de\/?page_id=52#breadcrumb","itemListElement":[{"@type":"ListItem","position":1,"name":"Startseite","item":"http:\/\/www.rufv-altendorf.de\/"},{"@type":"ListItem","position":2,"name":"Unser Verein","item":"http:\/\/www.rufv-altendorf.de\/?page_id=36"},{"@type":"ListItem","position":3,"name":"Vereinsgeschichte"}]},{"@type":"WebSite","@id":"http:\/\/www.rufv-altendorf.de\/#website","url":"http:\/\/www.rufv-altendorf.de\/","name":"Reit und Fahrverein Altendorf","description":"","potentialAction":[{"@type":"SearchAction","target":{"@type":"EntryPoint","urlTemplate":"http:\/\/www.rufv-altendorf.de\/?s={search_term_string}"},"query-input":{"@type":"PropertyValueSpecification","valueRequired":true,"valueName":"search_term_string"}}],"inLanguage":"de"}]}},"publishpress_future_action":{"enabled":false,"date":"2026-04-26 15:32:43","action":"change-status","newStatus":"draft","terms":[],"taxonomy":"","extraData":[]},"publishpress_future_workflow_manual_trigger":{"enabledWorkflows":[]},"_links":{"self":[{"href":"http:\/\/www.rufv-altendorf.de\/index.php?rest_route=\/wp\/v2\/pages\/52","targetHints":{"allow":["GET"]}}],"collection":[{"href":"http:\/\/www.rufv-altendorf.de\/index.php?rest_route=\/wp\/v2\/pages"}],"about":[{"href":"http:\/\/www.rufv-altendorf.de\/index.php?rest_route=\/wp\/v2\/types\/page"}],"author":[{"embeddable":true,"href":"http:\/\/www.rufv-altendorf.de\/index.php?rest_route=\/wp\/v2\/users\/1"}],"replies":[{"embeddable":true,"href":"http:\/\/www.rufv-altendorf.de\/index.php?rest_route=%2Fwp%2Fv2%2Fcomments&post=52"}],"version-history":[{"count":8,"href":"http:\/\/www.rufv-altendorf.de\/index.php?rest_route=\/wp\/v2\/pages\/52\/revisions"}],"predecessor-version":[{"id":202,"href":"http:\/\/www.rufv-altendorf.de\/index.php?rest_route=\/wp\/v2\/pages\/52\/revisions\/202"}],"up":[{"embeddable":true,"href":"http:\/\/www.rufv-altendorf.de\/index.php?rest_route=\/wp\/v2\/pages\/36"}],"wp:attachment":[{"href":"http:\/\/www.rufv-altendorf.de\/index.php?rest_route=%2Fwp%2Fv2%2Fmedia&parent=52"}],"curies":[{"name":"wp","href":"https:\/\/api.w.org\/{rel}","templated":true}]}}