{"id":48,"date":"2013-11-03T00:54:14","date_gmt":"2013-11-02T22:54:14","guid":{"rendered":"http:\/\/www.rufv-altendorf.de\/?page_id=48"},"modified":"2023-10-23T20:31:16","modified_gmt":"2023-10-23T19:31:16","slug":"satzung","status":"publish","type":"page","link":"http:\/\/www.rufv-altendorf.de\/?page_id=48","title":{"rendered":"Satzung"},"content":{"rendered":"<p>&nbsp;<\/p>\n<p>Der Reit- und Fahrverein Altendorf u.U. e.V. ist ein im Vereinsregister eingetragener Verein und hat seinen Sitz in Brome. Er erstreckt sich \u00fcber die weitere Umgebung dieses Ortes. Wir sind Mitglied im Reiterverband Hannover-Bremen e.V. und im Landessportbund Niedersachsen mit seinen Gliederungen.<\/p>\n<p>Unser Verein ist gemeinn\u00fctzig und unpolitisch. Zweck ist die Durchf\u00fchrung von Leistungspr\u00fcfungen f\u00fcr Pferde, die Ausbildung im Dienst am Pferde, dient damt der F\u00f6rderung der Landespferdezucht&nbsp; und gilt insbesondere der k\u00f6rperlichen Ert\u00fcchtigung der Jugend.<\/p>\n<p>Ordentliches Mitglied des Vereins kann jedermann werden (aktives oder passives Mitglied). Die Mitgliedschaft kann durch schriftliche Erkl\u00e4rung gegen\u00fcber dem Verein nach Zustimmung des Vorstandes erworben werden. Der Austritt ist zum Ende des Gesch\u00e4ftsjahres m\u00f6glich und mu\u00df 3 Monate vor Ablauf des Gesch\u00e4ftsjahres schriftlich dem Verein erkl\u00e4rt werden. Ausschlu\u00df aus dem Verein ist aus wichtigen Gr\u00fcnden zul\u00e4ssig.<\/p>\n<p>Die Mitglieder sind hinsichtlich der ihnen anvertrauten Pferde verpflichtet, stets &#8211; auch au\u00dferhalb von Turnieren &#8211; die Grunds\u00e4tze des Tierschutzes zu beachten, insbesondere die Pferde ihren Bed\u00fcrfnissen entsprechend angemessen zu ern\u00e4hren, zu pflegen und artgerecht unterzubringen und ausreichend Bewegung zu erm\u00f6glichen. Die Grunds\u00e4tze artgerechter Pferdeausbildung sind zu wahren!<\/p>\n<p style=\"text-align: center;\"><span style=\"text-decoration: underline;\"><a href=\"http:\/\/www.rufv-altendorf.de\/wp-content\/uploads\/2023\/10\/Satzung-neu-16.08.2020.15.08.2023.pdf\">Die gesamte Satzung kann unter folgenden Link abgerufen werden neu <\/a><\/span><\/p>\n<p>&nbsp;<\/p>\n","protected":false},"excerpt":{"rendered":"<p>&nbsp; Der Reit- und Fahrverein Altendorf u.U. e.V. ist ein im Vereinsregister eingetragener Verein und hat seinen Sitz in Brome. Er erstreckt sich \u00fcber die weitere Umgebung dieses Ortes. Wir sind Mitglied im Reiterverband Hannover-Bremen e.V. und im Landessportbund Niedersachsen mit seinen Gliederungen. Unser Verein ist gemeinn\u00fctzig und unpolitisch. Zweck ist die Durchf\u00fchrung von Leistungspr\u00fcfungen [&hellip;]<\/p>\n","protected":false},"author":1,"featured_media":0,"parent":36,"menu_order":0,"comment_status":"closed","ping_status":"closed","template":"","meta":{"ngg_post_thumbnail":0,"footnotes":""},"class_list":["post-48","page","type-page","status-publish","hentry"],"yoast_head":"<!-- This site is optimized with the Yoast SEO plugin v26.8 - https:\/\/yoast.com\/product\/yoast-seo-wordpress\/ -->\n<title>Satzung - Reit und Fahrverein Altendorf<\/title>\n<meta name=\"robots\" content=\"index, follow, max-snippet:-1, max-image-preview:large, max-video-preview:-1\" \/>\n<link rel=\"canonical\" href=\"http:\/\/www.rufv-altendorf.de\/?page_id=48\" \/>\n<meta property=\"og:locale\" content=\"de_DE\" \/>\n<meta property=\"og:type\" content=\"article\" \/>\n<meta property=\"og:title\" content=\"Satzung - Reit und Fahrverein Altendorf\" \/>\n<meta property=\"og:description\" content=\"&nbsp; Der Reit- und Fahrverein Altendorf u.U. e.V. ist ein im Vereinsregister eingetragener Verein und hat seinen Sitz in Brome. Er erstreckt sich \u00fcber die weitere Umgebung dieses Ortes. Wir sind Mitglied im Reiterverband Hannover-Bremen e.V. und im Landessportbund Niedersachsen mit seinen Gliederungen. Unser Verein ist gemeinn\u00fctzig und unpolitisch. Zweck ist die Durchf\u00fchrung von Leistungspr\u00fcfungen [&hellip;]\" \/>\n<meta property=\"og:url\" content=\"http:\/\/www.rufv-altendorf.de\/?page_id=48\" \/>\n<meta property=\"og:site_name\" content=\"Reit und Fahrverein Altendorf\" \/>\n<meta property=\"article:modified_time\" content=\"2023-10-23T19:31:16+00:00\" \/>\n<meta name=\"twitter:card\" content=\"summary_large_image\" \/>\n<meta name=\"twitter:label1\" content=\"Gesch\u00e4tzte Lesezeit\" \/>\n\t<meta name=\"twitter:data1\" content=\"2\u00a0Minuten\" \/>\n<script type=\"application\/ld+json\" class=\"yoast-schema-graph\">{\"@context\":\"https:\/\/schema.org\",\"@graph\":[{\"@type\":\"WebPage\",\"@id\":\"http:\/\/www.rufv-altendorf.de\/?page_id=48\",\"url\":\"http:\/\/www.rufv-altendorf.de\/?page_id=48\",\"name\":\"Satzung - Reit und Fahrverein Altendorf\",\"isPartOf\":{\"@id\":\"http:\/\/www.rufv-altendorf.de\/#website\"},\"datePublished\":\"2013-11-02T22:54:14+00:00\",\"dateModified\":\"2023-10-23T19:31:16+00:00\",\"breadcrumb\":{\"@id\":\"http:\/\/www.rufv-altendorf.de\/?page_id=48#breadcrumb\"},\"inLanguage\":\"de\",\"potentialAction\":[{\"@type\":\"ReadAction\",\"target\":[\"http:\/\/www.rufv-altendorf.de\/?page_id=48\"]}]},{\"@type\":\"BreadcrumbList\",\"@id\":\"http:\/\/www.rufv-altendorf.de\/?page_id=48#breadcrumb\",\"itemListElement\":[{\"@type\":\"ListItem\",\"position\":1,\"name\":\"Startseite\",\"item\":\"http:\/\/www.rufv-altendorf.de\/\"},{\"@type\":\"ListItem\",\"position\":2,\"name\":\"Unser Verein\",\"item\":\"http:\/\/www.rufv-altendorf.de\/?page_id=36\"},{\"@type\":\"ListItem\",\"position\":3,\"name\":\"Satzung\"}]},{\"@type\":\"WebSite\",\"@id\":\"http:\/\/www.rufv-altendorf.de\/#website\",\"url\":\"http:\/\/www.rufv-altendorf.de\/\",\"name\":\"Reit und Fahrverein Altendorf\",\"description\":\"\",\"potentialAction\":[{\"@type\":\"SearchAction\",\"target\":{\"@type\":\"EntryPoint\",\"urlTemplate\":\"http:\/\/www.rufv-altendorf.de\/?s={search_term_string}\"},\"query-input\":{\"@type\":\"PropertyValueSpecification\",\"valueRequired\":true,\"valueName\":\"search_term_string\"}}],\"inLanguage\":\"de\"}]}<\/script>\n<!-- \/ Yoast SEO plugin. -->","yoast_head_json":{"title":"Satzung - Reit und Fahrverein Altendorf","robots":{"index":"index","follow":"follow","max-snippet":"max-snippet:-1","max-image-preview":"max-image-preview:large","max-video-preview":"max-video-preview:-1"},"canonical":"http:\/\/www.rufv-altendorf.de\/?page_id=48","og_locale":"de_DE","og_type":"article","og_title":"Satzung - Reit und Fahrverein Altendorf","og_description":"&nbsp; Der Reit- und Fahrverein Altendorf u.U. e.V. ist ein im Vereinsregister eingetragener Verein und hat seinen Sitz in Brome. Er erstreckt sich \u00fcber die weitere Umgebung dieses Ortes. Wir sind Mitglied im Reiterverband Hannover-Bremen e.V. und im Landessportbund Niedersachsen mit seinen Gliederungen. Unser Verein ist gemeinn\u00fctzig und unpolitisch. Zweck ist die Durchf\u00fchrung von Leistungspr\u00fcfungen [&hellip;]","og_url":"http:\/\/www.rufv-altendorf.de\/?page_id=48","og_site_name":"Reit und Fahrverein Altendorf","article_modified_time":"2023-10-23T19:31:16+00:00","twitter_card":"summary_large_image","twitter_misc":{"Gesch\u00e4tzte Lesezeit":"2\u00a0Minuten"},"schema":{"@context":"https:\/\/schema.org","@graph":[{"@type":"WebPage","@id":"http:\/\/www.rufv-altendorf.de\/?page_id=48","url":"http:\/\/www.rufv-altendorf.de\/?page_id=48","name":"Satzung - Reit und Fahrverein Altendorf","isPartOf":{"@id":"http:\/\/www.rufv-altendorf.de\/#website"},"datePublished":"2013-11-02T22:54:14+00:00","dateModified":"2023-10-23T19:31:16+00:00","breadcrumb":{"@id":"http:\/\/www.rufv-altendorf.de\/?page_id=48#breadcrumb"},"inLanguage":"de","potentialAction":[{"@type":"ReadAction","target":["http:\/\/www.rufv-altendorf.de\/?page_id=48"]}]},{"@type":"BreadcrumbList","@id":"http:\/\/www.rufv-altendorf.de\/?page_id=48#breadcrumb","itemListElement":[{"@type":"ListItem","position":1,"name":"Startseite","item":"http:\/\/www.rufv-altendorf.de\/"},{"@type":"ListItem","position":2,"name":"Unser Verein","item":"http:\/\/www.rufv-altendorf.de\/?page_id=36"},{"@type":"ListItem","position":3,"name":"Satzung"}]},{"@type":"WebSite","@id":"http:\/\/www.rufv-altendorf.de\/#website","url":"http:\/\/www.rufv-altendorf.de\/","name":"Reit und Fahrverein Altendorf","description":"","potentialAction":[{"@type":"SearchAction","target":{"@type":"EntryPoint","urlTemplate":"http:\/\/www.rufv-altendorf.de\/?s={search_term_string}"},"query-input":{"@type":"PropertyValueSpecification","valueRequired":true,"valueName":"search_term_string"}}],"inLanguage":"de"}]}},"publishpress_future_action":{"enabled":false,"date":"2026-04-24 19:07:17","action":"change-status","newStatus":"draft","terms":[],"taxonomy":"","extraData":[]},"publishpress_future_workflow_manual_trigger":{"enabledWorkflows":[]},"_links":{"self":[{"href":"http:\/\/www.rufv-altendorf.de\/index.php?rest_route=\/wp\/v2\/pages\/48","targetHints":{"allow":["GET"]}}],"collection":[{"href":"http:\/\/www.rufv-altendorf.de\/index.php?rest_route=\/wp\/v2\/pages"}],"about":[{"href":"http:\/\/www.rufv-altendorf.de\/index.php?rest_route=\/wp\/v2\/types\/page"}],"author":[{"embeddable":true,"href":"http:\/\/www.rufv-altendorf.de\/index.php?rest_route=\/wp\/v2\/users\/1"}],"replies":[{"embeddable":true,"href":"http:\/\/www.rufv-altendorf.de\/index.php?rest_route=%2Fwp%2Fv2%2Fcomments&post=48"}],"version-history":[{"count":7,"href":"http:\/\/www.rufv-altendorf.de\/index.php?rest_route=\/wp\/v2\/pages\/48\/revisions"}],"predecessor-version":[{"id":4759,"href":"http:\/\/www.rufv-altendorf.de\/index.php?rest_route=\/wp\/v2\/pages\/48\/revisions\/4759"}],"up":[{"embeddable":true,"href":"http:\/\/www.rufv-altendorf.de\/index.php?rest_route=\/wp\/v2\/pages\/36"}],"wp:attachment":[{"href":"http:\/\/www.rufv-altendorf.de\/index.php?rest_route=%2Fwp%2Fv2%2Fmedia&parent=48"}],"curies":[{"name":"wp","href":"https:\/\/api.w.org\/{rel}","templated":true}]}}