{"id":42,"date":"2013-11-03T00:52:52","date_gmt":"2013-11-02T22:52:52","guid":{"rendered":"http:\/\/www.rufv-altendorf.de\/?page_id=42"},"modified":"2024-07-25T20:24:48","modified_gmt":"2024-07-25T19:24:48","slug":"formulare","status":"publish","type":"page","link":"http:\/\/www.rufv-altendorf.de\/?page_id=42","title":{"rendered":"Formulare"},"content":{"rendered":"<p>Sie m\u00f6chten in unserem Verein Mitglied werden?<br \/>\nDann geben Sie uns bitte eine unterschriebene Eintrittserkl\u00e4rung und Einzugserm\u00e4chtigung.<\/p>\n<p>Unsere Beitr\u00e4ge finden Sie unter dem Menue-Punkt &#8222;Geb\u00fchrenordnung&#8220; unter &#8222;Verein&#8220;<\/p>\n<p>&nbsp;<\/p>\n<table style=\"height: 117px;\" width=\"644\">\n<tbody>\n<tr>\n<td width=\"302\"><strong>&nbsp;Eintrittserkl\u00e4rung:<\/strong><\/td>\n<td width=\"302\"><strong><span style=\"text-decoration: underline;\"><a href=\"http:\/\/www.rufv-altendorf.de\/wp-content\/uploads\/2018\/08\/Eintrittserkl\u00e4rung.pdf\" target=\"_blank\" rel=\"noopener\">Download des PDFs<\/a><\/span><\/strong><\/td>\n<\/tr>\n<tr>\n<td width=\"302\"><strong>&nbsp;Einzugserm\u00e4chtigung:<\/strong><\/td>\n<td width=\"302\">&nbsp;<span style=\"text-decoration: underline;\"><strong><a href=\"http:\/\/www.rufv-altendorf.de\/wp-content\/uploads\/2018\/08\/Einzugserm\u00e4chtigung.pdf\" target=\"_blank\" rel=\"noopener\">Download des PDFs<\/a><\/strong><\/span><\/td>\n<\/tr>\n<tr>\n<td width=\"302\"><strong>&nbsp;Nutzungsordnung f\u00fcr die Nutzung von Reitanlage und Reithalle:<\/strong><\/td>\n<td width=\"302\">&nbsp;<span style=\"text-decoration: underline; color: #ff0000;\"><strong><a href=\"http:\/\/www.rufv-altendorf.de\/wp-content\/uploads\/2013\/11\/Nutzungsordnung.pdf\" target=\"_blank\" rel=\"noopener\"><span style=\"color: #ff0000; text-decoration: underline;\">Download_Nutzungsordnung&nbsp;<\/span><\/a><\/strong><\/span><\/td>\n<\/tr>\n<\/tbody>\n<\/table>\n<p>&nbsp;<\/p>\n<p>&nbsp;<\/p>\n","protected":false},"excerpt":{"rendered":"<p>Sie m\u00f6chten in unserem Verein Mitglied werden? Dann geben Sie uns bitte eine unterschriebene Eintrittserkl\u00e4rung und Einzugserm\u00e4chtigung. Unsere Beitr\u00e4ge finden Sie unter dem Menue-Punkt &#8222;Geb\u00fchrenordnung&#8220; unter &#8222;Verein&#8220; &nbsp; &nbsp;Eintrittserkl\u00e4rung: Download des PDFs &nbsp;Einzugserm\u00e4chtigung: &nbsp;Download des PDFs &nbsp;Nutzungsordnung f\u00fcr die Nutzung von Reitanlage und Reithalle: &nbsp;Download_Nutzungsordnung&nbsp; &nbsp; &nbsp;<\/p>\n","protected":false},"author":1,"featured_media":0,"parent":36,"menu_order":0,"comment_status":"closed","ping_status":"closed","template":"","meta":{"ngg_post_thumbnail":0,"footnotes":""},"class_list":["post-42","page","type-page","status-publish","hentry"],"yoast_head":"<!-- This site is optimized with the Yoast SEO plugin v26.8 - https:\/\/yoast.com\/product\/yoast-seo-wordpress\/ -->\n<title>Formulare - Reit und Fahrverein Altendorf<\/title>\n<meta name=\"robots\" content=\"index, follow, max-snippet:-1, max-image-preview:large, max-video-preview:-1\" \/>\n<link rel=\"canonical\" href=\"http:\/\/www.rufv-altendorf.de\/?page_id=42\" \/>\n<meta property=\"og:locale\" content=\"de_DE\" \/>\n<meta property=\"og:type\" content=\"article\" \/>\n<meta property=\"og:title\" content=\"Formulare - Reit und Fahrverein Altendorf\" \/>\n<meta property=\"og:description\" content=\"Sie m\u00f6chten in unserem Verein Mitglied werden? Dann geben Sie uns bitte eine unterschriebene Eintrittserkl\u00e4rung und Einzugserm\u00e4chtigung. Unsere Beitr\u00e4ge finden Sie unter dem Menue-Punkt &#8222;Geb\u00fchrenordnung&#8220; unter &#8222;Verein&#8220; &nbsp; &nbsp;Eintrittserkl\u00e4rung: Download des PDFs &nbsp;Einzugserm\u00e4chtigung: &nbsp;Download des PDFs &nbsp;Nutzungsordnung f\u00fcr die Nutzung von Reitanlage und Reithalle: &nbsp;Download_Nutzungsordnung&nbsp; &nbsp; &nbsp;\" \/>\n<meta property=\"og:url\" content=\"http:\/\/www.rufv-altendorf.de\/?page_id=42\" \/>\n<meta property=\"og:site_name\" content=\"Reit und Fahrverein Altendorf\" \/>\n<meta property=\"article:modified_time\" content=\"2024-07-25T19:24:48+00:00\" \/>\n<meta name=\"twitter:card\" content=\"summary_large_image\" \/>\n<meta name=\"twitter:label1\" content=\"Gesch\u00e4tzte Lesezeit\" \/>\n\t<meta name=\"twitter:data1\" content=\"1\u00a0Minute\" \/>\n<script type=\"application\/ld+json\" class=\"yoast-schema-graph\">{\"@context\":\"https:\/\/schema.org\",\"@graph\":[{\"@type\":\"WebPage\",\"@id\":\"http:\/\/www.rufv-altendorf.de\/?page_id=42\",\"url\":\"http:\/\/www.rufv-altendorf.de\/?page_id=42\",\"name\":\"Formulare - Reit und Fahrverein Altendorf\",\"isPartOf\":{\"@id\":\"http:\/\/www.rufv-altendorf.de\/#website\"},\"datePublished\":\"2013-11-02T22:52:52+00:00\",\"dateModified\":\"2024-07-25T19:24:48+00:00\",\"breadcrumb\":{\"@id\":\"http:\/\/www.rufv-altendorf.de\/?page_id=42#breadcrumb\"},\"inLanguage\":\"de\",\"potentialAction\":[{\"@type\":\"ReadAction\",\"target\":[\"http:\/\/www.rufv-altendorf.de\/?page_id=42\"]}]},{\"@type\":\"BreadcrumbList\",\"@id\":\"http:\/\/www.rufv-altendorf.de\/?page_id=42#breadcrumb\",\"itemListElement\":[{\"@type\":\"ListItem\",\"position\":1,\"name\":\"Startseite\",\"item\":\"http:\/\/www.rufv-altendorf.de\/\"},{\"@type\":\"ListItem\",\"position\":2,\"name\":\"Unser Verein\",\"item\":\"http:\/\/www.rufv-altendorf.de\/?page_id=36\"},{\"@type\":\"ListItem\",\"position\":3,\"name\":\"Formulare\"}]},{\"@type\":\"WebSite\",\"@id\":\"http:\/\/www.rufv-altendorf.de\/#website\",\"url\":\"http:\/\/www.rufv-altendorf.de\/\",\"name\":\"Reit und Fahrverein Altendorf\",\"description\":\"\",\"potentialAction\":[{\"@type\":\"SearchAction\",\"target\":{\"@type\":\"EntryPoint\",\"urlTemplate\":\"http:\/\/www.rufv-altendorf.de\/?s={search_term_string}\"},\"query-input\":{\"@type\":\"PropertyValueSpecification\",\"valueRequired\":true,\"valueName\":\"search_term_string\"}}],\"inLanguage\":\"de\"}]}<\/script>\n<!-- \/ Yoast SEO plugin. -->","yoast_head_json":{"title":"Formulare - Reit und Fahrverein Altendorf","robots":{"index":"index","follow":"follow","max-snippet":"max-snippet:-1","max-image-preview":"max-image-preview:large","max-video-preview":"max-video-preview:-1"},"canonical":"http:\/\/www.rufv-altendorf.de\/?page_id=42","og_locale":"de_DE","og_type":"article","og_title":"Formulare - Reit und Fahrverein Altendorf","og_description":"Sie m\u00f6chten in unserem Verein Mitglied werden? Dann geben Sie uns bitte eine unterschriebene Eintrittserkl\u00e4rung und Einzugserm\u00e4chtigung. Unsere Beitr\u00e4ge finden Sie unter dem Menue-Punkt &#8222;Geb\u00fchrenordnung&#8220; unter &#8222;Verein&#8220; &nbsp; &nbsp;Eintrittserkl\u00e4rung: Download des PDFs &nbsp;Einzugserm\u00e4chtigung: &nbsp;Download des PDFs &nbsp;Nutzungsordnung f\u00fcr die Nutzung von Reitanlage und Reithalle: &nbsp;Download_Nutzungsordnung&nbsp; &nbsp; &nbsp;","og_url":"http:\/\/www.rufv-altendorf.de\/?page_id=42","og_site_name":"Reit und Fahrverein Altendorf","article_modified_time":"2024-07-25T19:24:48+00:00","twitter_card":"summary_large_image","twitter_misc":{"Gesch\u00e4tzte Lesezeit":"1\u00a0Minute"},"schema":{"@context":"https:\/\/schema.org","@graph":[{"@type":"WebPage","@id":"http:\/\/www.rufv-altendorf.de\/?page_id=42","url":"http:\/\/www.rufv-altendorf.de\/?page_id=42","name":"Formulare - Reit und Fahrverein Altendorf","isPartOf":{"@id":"http:\/\/www.rufv-altendorf.de\/#website"},"datePublished":"2013-11-02T22:52:52+00:00","dateModified":"2024-07-25T19:24:48+00:00","breadcrumb":{"@id":"http:\/\/www.rufv-altendorf.de\/?page_id=42#breadcrumb"},"inLanguage":"de","potentialAction":[{"@type":"ReadAction","target":["http:\/\/www.rufv-altendorf.de\/?page_id=42"]}]},{"@type":"BreadcrumbList","@id":"http:\/\/www.rufv-altendorf.de\/?page_id=42#breadcrumb","itemListElement":[{"@type":"ListItem","position":1,"name":"Startseite","item":"http:\/\/www.rufv-altendorf.de\/"},{"@type":"ListItem","position":2,"name":"Unser Verein","item":"http:\/\/www.rufv-altendorf.de\/?page_id=36"},{"@type":"ListItem","position":3,"name":"Formulare"}]},{"@type":"WebSite","@id":"http:\/\/www.rufv-altendorf.de\/#website","url":"http:\/\/www.rufv-altendorf.de\/","name":"Reit und Fahrverein Altendorf","description":"","potentialAction":[{"@type":"SearchAction","target":{"@type":"EntryPoint","urlTemplate":"http:\/\/www.rufv-altendorf.de\/?s={search_term_string}"},"query-input":{"@type":"PropertyValueSpecification","valueRequired":true,"valueName":"search_term_string"}}],"inLanguage":"de"}]}},"publishpress_future_action":{"enabled":false,"date":"2026-04-24 15:20:50","action":"change-status","newStatus":"draft","terms":[],"taxonomy":"","extraData":[]},"publishpress_future_workflow_manual_trigger":{"enabledWorkflows":[]},"_links":{"self":[{"href":"http:\/\/www.rufv-altendorf.de\/index.php?rest_route=\/wp\/v2\/pages\/42","targetHints":{"allow":["GET"]}}],"collection":[{"href":"http:\/\/www.rufv-altendorf.de\/index.php?rest_route=\/wp\/v2\/pages"}],"about":[{"href":"http:\/\/www.rufv-altendorf.de\/index.php?rest_route=\/wp\/v2\/types\/page"}],"author":[{"embeddable":true,"href":"http:\/\/www.rufv-altendorf.de\/index.php?rest_route=\/wp\/v2\/users\/1"}],"replies":[{"embeddable":true,"href":"http:\/\/www.rufv-altendorf.de\/index.php?rest_route=%2Fwp%2Fv2%2Fcomments&post=42"}],"version-history":[{"count":11,"href":"http:\/\/www.rufv-altendorf.de\/index.php?rest_route=\/wp\/v2\/pages\/42\/revisions"}],"predecessor-version":[{"id":4942,"href":"http:\/\/www.rufv-altendorf.de\/index.php?rest_route=\/wp\/v2\/pages\/42\/revisions\/4942"}],"up":[{"embeddable":true,"href":"http:\/\/www.rufv-altendorf.de\/index.php?rest_route=\/wp\/v2\/pages\/36"}],"wp:attachment":[{"href":"http:\/\/www.rufv-altendorf.de\/index.php?rest_route=%2Fwp%2Fv2%2Fmedia&parent=42"}],"curies":[{"name":"wp","href":"https:\/\/api.w.org\/{rel}","templated":true}]}}