{"id":38,"date":"2013-11-03T00:29:42","date_gmt":"2013-11-02T22:29:42","guid":{"rendered":"http:\/\/www.rufv-altendorf.de\/?page_id=38"},"modified":"2024-07-25T20:16:17","modified_gmt":"2024-07-25T19:16:17","slug":"ansprechpartner","status":"publish","type":"page","link":"http:\/\/www.rufv-altendorf.de\/?page_id=38","title":{"rendered":"Ansprechpartner"},"content":{"rendered":"<p>Unsere Vorstand&nbsp;<\/p>\n<p><strong>1. Vorsitzender:<\/strong><br>Ronny Bruch, T\u00fclau&nbsp;<\/p>\n<p><a href=\"mailto:ronny-bruch@web.de\">ronny-bruch@web.de&nbsp;<\/a><\/p>\n<p><strong>2.<\/strong><strong>&nbsp;Vorsitzender:<\/strong><br>Friedrich-Erdmann Bierstedt, Altendorf<\/p>\n<p><a href=\"mailto:friedrich.bierstedt@gmx.de\">friedrich.bierstedt@gmx.de<\/a><\/p>\n<p><strong>1. Kassierer:<\/strong><br>Janina Mann, Gifhorn<br><a href=\"mailto:janina.mann@manngf.de\">janina.mann@manngf.de<\/a><\/p>\n<p><strong>2. Kassierer:<\/strong><br>Verena Michel, Bergfeld<br><a href=\"mailto:michel.verena@yahoo.de\">michel.verena@yahoo.de<\/a><\/p>\n<p><strong>1. Schriftf\u00fchrer:<\/strong><br>Barbara Goehl-Raschkowski, Brome<br><a href=\"mailto:Barbara.raschkowski@icloud.com\">Barbara.raschkowski@icloud.com<\/a><\/p>\n<p><strong>2. Schriftf\u00fchrer:<\/strong><br>Tanja Basile<br><a href=\"mailto:tanja.mann@manngf.de\">tanja.mann@manngf.de<\/a><\/p>\n<p><b>Reitanlagenwart:<\/b><\/p>\n<p>Wilhem Schulte-L\u00fcnzum, Brome<\/p>\n<p>&nbsp;<\/p>\n<p><strong>Pressewart:<\/strong><br>Mirja Junge, Brome<br><a href=\"mailto:Mirja_Junge@web.de\">Mirja_Junge@web.de<\/a><\/p>\n<p><strong>Aktivensprecher:<\/strong><br>Kathleen Bruch, T\u00fclau<br><a href=\"mailto:kathleenbruch2004@gmail.com\">kathleenbruch2004@gmail.com<\/a><\/p>\n<p><strong>Freizeit- &amp;&nbsp; Jugendwart:<\/strong><br>Tessy Klose-Kunze, Jembke<br><a href=\"mailto:tessy-klose-kunze@t-online.de\">tessy-klose-kunze@t-online.de<\/a><\/p>\n<p><strong>Ehrenamtliche Reitlehrer<\/strong><\/p>\n<p><strong>Springunterricht:<\/strong><br>Heinz Westedt, Brome &amp;<br>Friedrich-Erdmann Bierstedt, Altendorf<\/p>\n<p><strong>Remonte:<\/strong><br>J\u00f6rn Masche, Voitze<br>(Nach Absprache im Winter)<\/p>\n<p><strong>Freispringen:<\/strong><br>Ulrich Halbach, Barwedel&nbsp;<\/p>\n<p>J\u00f6rn Masche, Voitze<\/p>\n\n\n<p><\/p>\n","protected":false},"excerpt":{"rendered":"<p>Unsere Vorstand&nbsp; 1. Vorsitzender:Ronny Bruch, T\u00fclau&nbsp; ronny-bruch@web.de&nbsp; 2.&nbsp;Vorsitzender:Friedrich-Erdmann Bierstedt, Altendorf friedrich.bierstedt@gmx.de 1. Kassierer:Janina Mann, Gifhornjanina.mann@manngf.de 2. Kassierer:Verena Michel, Bergfeldmichel.verena@yahoo.de 1. Schriftf\u00fchrer:Barbara Goehl-Raschkowski, BromeBarbara.raschkowski@icloud.com 2. Schriftf\u00fchrer:Tanja Basiletanja.mann@manngf.de Reitanlagenwart: Wilhem Schulte-L\u00fcnzum, Brome &nbsp; Pressewart:Mirja Junge, BromeMirja_Junge@web.de Aktivensprecher:Kathleen Bruch, T\u00fclaukathleenbruch2004@gmail.com Freizeit- &amp;&nbsp; Jugendwart:Tessy Klose-Kunze, Jembketessy-klose-kunze@t-online.de Ehrenamtliche Reitlehrer Springunterricht:Heinz Westedt, Brome &amp;Friedrich-Erdmann Bierstedt, Altendorf Remonte:J\u00f6rn Masche, Voitze(Nach Absprache im [&hellip;]<\/p>\n","protected":false},"author":1,"featured_media":0,"parent":36,"menu_order":0,"comment_status":"closed","ping_status":"closed","template":"","meta":{"ngg_post_thumbnail":0,"footnotes":""},"class_list":["post-38","page","type-page","status-publish","hentry"],"yoast_head":"<!-- This site is optimized with the Yoast SEO plugin v26.8 - https:\/\/yoast.com\/product\/yoast-seo-wordpress\/ -->\n<title>Ansprechpartner - Reit und Fahrverein Altendorf<\/title>\n<meta name=\"robots\" content=\"index, follow, max-snippet:-1, max-image-preview:large, max-video-preview:-1\" \/>\n<link rel=\"canonical\" href=\"http:\/\/www.rufv-altendorf.de\/?page_id=38\" \/>\n<meta property=\"og:locale\" content=\"de_DE\" \/>\n<meta property=\"og:type\" content=\"article\" \/>\n<meta property=\"og:title\" content=\"Ansprechpartner - Reit und Fahrverein Altendorf\" \/>\n<meta property=\"og:description\" content=\"Unsere Vorstand&nbsp; 1. Vorsitzender:Ronny Bruch, T\u00fclau&nbsp; ronny-bruch@web.de&nbsp; 2.&nbsp;Vorsitzender:Friedrich-Erdmann Bierstedt, Altendorf friedrich.bierstedt@gmx.de 1. Kassierer:Janina Mann, Gifhornjanina.mann@manngf.de 2. Kassierer:Verena Michel, Bergfeldmichel.verena@yahoo.de 1. Schriftf\u00fchrer:Barbara Goehl-Raschkowski, BromeBarbara.raschkowski@icloud.com 2. Schriftf\u00fchrer:Tanja Basiletanja.mann@manngf.de Reitanlagenwart: Wilhem Schulte-L\u00fcnzum, Brome &nbsp; Pressewart:Mirja Junge, BromeMirja_Junge@web.de Aktivensprecher:Kathleen Bruch, T\u00fclaukathleenbruch2004@gmail.com Freizeit- &amp;&nbsp; Jugendwart:Tessy Klose-Kunze, Jembketessy-klose-kunze@t-online.de Ehrenamtliche Reitlehrer Springunterricht:Heinz Westedt, Brome &amp;Friedrich-Erdmann Bierstedt, Altendorf Remonte:J\u00f6rn Masche, Voitze(Nach Absprache im [&hellip;]\" \/>\n<meta property=\"og:url\" content=\"http:\/\/www.rufv-altendorf.de\/?page_id=38\" \/>\n<meta property=\"og:site_name\" content=\"Reit und Fahrverein Altendorf\" \/>\n<meta property=\"article:modified_time\" content=\"2024-07-25T19:16:17+00:00\" \/>\n<meta name=\"twitter:card\" content=\"summary_large_image\" \/>\n<meta name=\"twitter:label1\" content=\"Gesch\u00e4tzte Lesezeit\" \/>\n\t<meta name=\"twitter:data1\" content=\"1\u00a0Minute\" \/>\n<script type=\"application\/ld+json\" class=\"yoast-schema-graph\">{\"@context\":\"https:\/\/schema.org\",\"@graph\":[{\"@type\":\"WebPage\",\"@id\":\"http:\/\/www.rufv-altendorf.de\/?page_id=38\",\"url\":\"http:\/\/www.rufv-altendorf.de\/?page_id=38\",\"name\":\"Ansprechpartner - Reit und Fahrverein Altendorf\",\"isPartOf\":{\"@id\":\"http:\/\/www.rufv-altendorf.de\/#website\"},\"datePublished\":\"2013-11-02T22:29:42+00:00\",\"dateModified\":\"2024-07-25T19:16:17+00:00\",\"breadcrumb\":{\"@id\":\"http:\/\/www.rufv-altendorf.de\/?page_id=38#breadcrumb\"},\"inLanguage\":\"de\",\"potentialAction\":[{\"@type\":\"ReadAction\",\"target\":[\"http:\/\/www.rufv-altendorf.de\/?page_id=38\"]}]},{\"@type\":\"BreadcrumbList\",\"@id\":\"http:\/\/www.rufv-altendorf.de\/?page_id=38#breadcrumb\",\"itemListElement\":[{\"@type\":\"ListItem\",\"position\":1,\"name\":\"Startseite\",\"item\":\"http:\/\/www.rufv-altendorf.de\/\"},{\"@type\":\"ListItem\",\"position\":2,\"name\":\"Unser Verein\",\"item\":\"http:\/\/www.rufv-altendorf.de\/?page_id=36\"},{\"@type\":\"ListItem\",\"position\":3,\"name\":\"Ansprechpartner\"}]},{\"@type\":\"WebSite\",\"@id\":\"http:\/\/www.rufv-altendorf.de\/#website\",\"url\":\"http:\/\/www.rufv-altendorf.de\/\",\"name\":\"Reit und Fahrverein Altendorf\",\"description\":\"\",\"potentialAction\":[{\"@type\":\"SearchAction\",\"target\":{\"@type\":\"EntryPoint\",\"urlTemplate\":\"http:\/\/www.rufv-altendorf.de\/?s={search_term_string}\"},\"query-input\":{\"@type\":\"PropertyValueSpecification\",\"valueRequired\":true,\"valueName\":\"search_term_string\"}}],\"inLanguage\":\"de\"}]}<\/script>\n<!-- \/ Yoast SEO plugin. -->","yoast_head_json":{"title":"Ansprechpartner - Reit und Fahrverein Altendorf","robots":{"index":"index","follow":"follow","max-snippet":"max-snippet:-1","max-image-preview":"max-image-preview:large","max-video-preview":"max-video-preview:-1"},"canonical":"http:\/\/www.rufv-altendorf.de\/?page_id=38","og_locale":"de_DE","og_type":"article","og_title":"Ansprechpartner - Reit und Fahrverein Altendorf","og_description":"Unsere Vorstand&nbsp; 1. Vorsitzender:Ronny Bruch, T\u00fclau&nbsp; ronny-bruch@web.de&nbsp; 2.&nbsp;Vorsitzender:Friedrich-Erdmann Bierstedt, Altendorf friedrich.bierstedt@gmx.de 1. Kassierer:Janina Mann, Gifhornjanina.mann@manngf.de 2. Kassierer:Verena Michel, Bergfeldmichel.verena@yahoo.de 1. Schriftf\u00fchrer:Barbara Goehl-Raschkowski, BromeBarbara.raschkowski@icloud.com 2. Schriftf\u00fchrer:Tanja Basiletanja.mann@manngf.de Reitanlagenwart: Wilhem Schulte-L\u00fcnzum, Brome &nbsp; Pressewart:Mirja Junge, BromeMirja_Junge@web.de Aktivensprecher:Kathleen Bruch, T\u00fclaukathleenbruch2004@gmail.com Freizeit- &amp;&nbsp; Jugendwart:Tessy Klose-Kunze, Jembketessy-klose-kunze@t-online.de Ehrenamtliche Reitlehrer Springunterricht:Heinz Westedt, Brome &amp;Friedrich-Erdmann Bierstedt, Altendorf Remonte:J\u00f6rn Masche, Voitze(Nach Absprache im [&hellip;]","og_url":"http:\/\/www.rufv-altendorf.de\/?page_id=38","og_site_name":"Reit und Fahrverein Altendorf","article_modified_time":"2024-07-25T19:16:17+00:00","twitter_card":"summary_large_image","twitter_misc":{"Gesch\u00e4tzte Lesezeit":"1\u00a0Minute"},"schema":{"@context":"https:\/\/schema.org","@graph":[{"@type":"WebPage","@id":"http:\/\/www.rufv-altendorf.de\/?page_id=38","url":"http:\/\/www.rufv-altendorf.de\/?page_id=38","name":"Ansprechpartner - Reit und Fahrverein Altendorf","isPartOf":{"@id":"http:\/\/www.rufv-altendorf.de\/#website"},"datePublished":"2013-11-02T22:29:42+00:00","dateModified":"2024-07-25T19:16:17+00:00","breadcrumb":{"@id":"http:\/\/www.rufv-altendorf.de\/?page_id=38#breadcrumb"},"inLanguage":"de","potentialAction":[{"@type":"ReadAction","target":["http:\/\/www.rufv-altendorf.de\/?page_id=38"]}]},{"@type":"BreadcrumbList","@id":"http:\/\/www.rufv-altendorf.de\/?page_id=38#breadcrumb","itemListElement":[{"@type":"ListItem","position":1,"name":"Startseite","item":"http:\/\/www.rufv-altendorf.de\/"},{"@type":"ListItem","position":2,"name":"Unser Verein","item":"http:\/\/www.rufv-altendorf.de\/?page_id=36"},{"@type":"ListItem","position":3,"name":"Ansprechpartner"}]},{"@type":"WebSite","@id":"http:\/\/www.rufv-altendorf.de\/#website","url":"http:\/\/www.rufv-altendorf.de\/","name":"Reit und Fahrverein Altendorf","description":"","potentialAction":[{"@type":"SearchAction","target":{"@type":"EntryPoint","urlTemplate":"http:\/\/www.rufv-altendorf.de\/?s={search_term_string}"},"query-input":{"@type":"PropertyValueSpecification","valueRequired":true,"valueName":"search_term_string"}}],"inLanguage":"de"}]}},"publishpress_future_action":{"enabled":false,"date":"2026-04-26 11:56:28","action":"change-status","newStatus":"draft","terms":[],"taxonomy":"","extraData":[]},"publishpress_future_workflow_manual_trigger":{"enabledWorkflows":[]},"_links":{"self":[{"href":"http:\/\/www.rufv-altendorf.de\/index.php?rest_route=\/wp\/v2\/pages\/38","targetHints":{"allow":["GET"]}}],"collection":[{"href":"http:\/\/www.rufv-altendorf.de\/index.php?rest_route=\/wp\/v2\/pages"}],"about":[{"href":"http:\/\/www.rufv-altendorf.de\/index.php?rest_route=\/wp\/v2\/types\/page"}],"author":[{"embeddable":true,"href":"http:\/\/www.rufv-altendorf.de\/index.php?rest_route=\/wp\/v2\/users\/1"}],"replies":[{"embeddable":true,"href":"http:\/\/www.rufv-altendorf.de\/index.php?rest_route=%2Fwp%2Fv2%2Fcomments&post=38"}],"version-history":[{"count":28,"href":"http:\/\/www.rufv-altendorf.de\/index.php?rest_route=\/wp\/v2\/pages\/38\/revisions"}],"predecessor-version":[{"id":4935,"href":"http:\/\/www.rufv-altendorf.de\/index.php?rest_route=\/wp\/v2\/pages\/38\/revisions\/4935"}],"up":[{"embeddable":true,"href":"http:\/\/www.rufv-altendorf.de\/index.php?rest_route=\/wp\/v2\/pages\/36"}],"wp:attachment":[{"href":"http:\/\/www.rufv-altendorf.de\/index.php?rest_route=%2Fwp%2Fv2%2Fmedia&parent=38"}],"curies":[{"name":"wp","href":"https:\/\/api.w.org\/{rel}","templated":true}]}}