{"id":36,"date":"2013-11-03T00:29:23","date_gmt":"2013-11-02T22:29:23","guid":{"rendered":"http:\/\/www.rufv-altendorf.de\/?page_id=36"},"modified":"2014-01-28T01:17:48","modified_gmt":"2014-01-28T00:17:48","slug":"unser-verein","status":"publish","type":"page","link":"http:\/\/www.rufv-altendorf.de\/?page_id=36","title":{"rendered":"Unser Verein"},"content":{"rendered":"<p>Willkommen auf der Website des Reit- und Fahrvereins Altendorf u.U. e. V.<\/p>\n<p>1914 wurde unser Verein gegr\u00fcndet und hat somit ein 100 j\u00e4hriges bestehen. Wir k\u00f6nnen auf eine wechselvolle Geschichte und lange reitsportliche Tradition zur\u00fcckblicken. Wir sind als gemeinn\u00fctziger Verein anerkannt.<\/p>\n<p>Auf den folgenden Seiten finden Sie Informationen \u00fcber die Geschichte unseres Vereins, Ansprechpartner, Geb\u00fchrenordnung und verschiedene Formulare.<\/p>\n<p>Bei Fragen finden Sie unter Kontakt entsprechende Informationen.<\/p>\n<p>&nbsp;<\/p>\n<p>&nbsp;<\/p>\n<p>&nbsp;<\/p>\n","protected":false},"excerpt":{"rendered":"<p>Willkommen auf der Website des Reit- und Fahrvereins Altendorf u.U. e. V. 1914 wurde unser Verein gegr\u00fcndet und hat somit ein 100 j\u00e4hriges bestehen. Wir k\u00f6nnen auf eine wechselvolle Geschichte und lange reitsportliche Tradition zur\u00fcckblicken. Wir sind als gemeinn\u00fctziger Verein anerkannt. Auf den folgenden Seiten finden Sie Informationen \u00fcber die Geschichte unseres Vereins, Ansprechpartner, Geb\u00fchrenordnung [&hellip;]<\/p>\n","protected":false},"author":1,"featured_media":0,"parent":0,"menu_order":0,"comment_status":"closed","ping_status":"closed","template":"","meta":{"ngg_post_thumbnail":0,"footnotes":""},"class_list":["post-36","page","type-page","status-publish","hentry"],"yoast_head":"<!-- This site is optimized with the Yoast SEO plugin v26.8 - https:\/\/yoast.com\/product\/yoast-seo-wordpress\/ -->\n<title>Unser Verein - Reit und Fahrverein Altendorf<\/title>\n<meta name=\"robots\" content=\"index, follow, max-snippet:-1, max-image-preview:large, max-video-preview:-1\" \/>\n<link rel=\"canonical\" href=\"http:\/\/www.rufv-altendorf.de\/?page_id=36\" \/>\n<meta property=\"og:locale\" content=\"de_DE\" \/>\n<meta property=\"og:type\" content=\"article\" \/>\n<meta property=\"og:title\" content=\"Unser Verein - Reit und Fahrverein Altendorf\" \/>\n<meta property=\"og:description\" content=\"Willkommen auf der Website des Reit- und Fahrvereins Altendorf u.U. e. V. 1914 wurde unser Verein gegr\u00fcndet und hat somit ein 100 j\u00e4hriges bestehen. Wir k\u00f6nnen auf eine wechselvolle Geschichte und lange reitsportliche Tradition zur\u00fcckblicken. Wir sind als gemeinn\u00fctziger Verein anerkannt. Auf den folgenden Seiten finden Sie Informationen \u00fcber die Geschichte unseres Vereins, Ansprechpartner, Geb\u00fchrenordnung [&hellip;]\" \/>\n<meta property=\"og:url\" content=\"http:\/\/www.rufv-altendorf.de\/?page_id=36\" \/>\n<meta property=\"og:site_name\" content=\"Reit und Fahrverein Altendorf\" \/>\n<meta property=\"article:modified_time\" content=\"2014-01-28T00:17:48+00:00\" \/>\n<meta name=\"twitter:card\" content=\"summary_large_image\" \/>\n<script type=\"application\/ld+json\" class=\"yoast-schema-graph\">{\"@context\":\"https:\/\/schema.org\",\"@graph\":[{\"@type\":\"WebPage\",\"@id\":\"http:\/\/www.rufv-altendorf.de\/?page_id=36\",\"url\":\"http:\/\/www.rufv-altendorf.de\/?page_id=36\",\"name\":\"Unser Verein - Reit und Fahrverein Altendorf\",\"isPartOf\":{\"@id\":\"http:\/\/www.rufv-altendorf.de\/#website\"},\"datePublished\":\"2013-11-02T22:29:23+00:00\",\"dateModified\":\"2014-01-28T00:17:48+00:00\",\"breadcrumb\":{\"@id\":\"http:\/\/www.rufv-altendorf.de\/?page_id=36#breadcrumb\"},\"inLanguage\":\"de\",\"potentialAction\":[{\"@type\":\"ReadAction\",\"target\":[\"http:\/\/www.rufv-altendorf.de\/?page_id=36\"]}]},{\"@type\":\"BreadcrumbList\",\"@id\":\"http:\/\/www.rufv-altendorf.de\/?page_id=36#breadcrumb\",\"itemListElement\":[{\"@type\":\"ListItem\",\"position\":1,\"name\":\"Startseite\",\"item\":\"http:\/\/www.rufv-altendorf.de\/\"},{\"@type\":\"ListItem\",\"position\":2,\"name\":\"Unser Verein\"}]},{\"@type\":\"WebSite\",\"@id\":\"http:\/\/www.rufv-altendorf.de\/#website\",\"url\":\"http:\/\/www.rufv-altendorf.de\/\",\"name\":\"Reit und Fahrverein Altendorf\",\"description\":\"\",\"potentialAction\":[{\"@type\":\"SearchAction\",\"target\":{\"@type\":\"EntryPoint\",\"urlTemplate\":\"http:\/\/www.rufv-altendorf.de\/?s={search_term_string}\"},\"query-input\":{\"@type\":\"PropertyValueSpecification\",\"valueRequired\":true,\"valueName\":\"search_term_string\"}}],\"inLanguage\":\"de\"}]}<\/script>\n<!-- \/ Yoast SEO plugin. -->","yoast_head_json":{"title":"Unser Verein - Reit und Fahrverein Altendorf","robots":{"index":"index","follow":"follow","max-snippet":"max-snippet:-1","max-image-preview":"max-image-preview:large","max-video-preview":"max-video-preview:-1"},"canonical":"http:\/\/www.rufv-altendorf.de\/?page_id=36","og_locale":"de_DE","og_type":"article","og_title":"Unser Verein - Reit und Fahrverein Altendorf","og_description":"Willkommen auf der Website des Reit- und Fahrvereins Altendorf u.U. e. V. 1914 wurde unser Verein gegr\u00fcndet und hat somit ein 100 j\u00e4hriges bestehen. Wir k\u00f6nnen auf eine wechselvolle Geschichte und lange reitsportliche Tradition zur\u00fcckblicken. Wir sind als gemeinn\u00fctziger Verein anerkannt. Auf den folgenden Seiten finden Sie Informationen \u00fcber die Geschichte unseres Vereins, Ansprechpartner, Geb\u00fchrenordnung [&hellip;]","og_url":"http:\/\/www.rufv-altendorf.de\/?page_id=36","og_site_name":"Reit und Fahrverein Altendorf","article_modified_time":"2014-01-28T00:17:48+00:00","twitter_card":"summary_large_image","schema":{"@context":"https:\/\/schema.org","@graph":[{"@type":"WebPage","@id":"http:\/\/www.rufv-altendorf.de\/?page_id=36","url":"http:\/\/www.rufv-altendorf.de\/?page_id=36","name":"Unser Verein - Reit und Fahrverein Altendorf","isPartOf":{"@id":"http:\/\/www.rufv-altendorf.de\/#website"},"datePublished":"2013-11-02T22:29:23+00:00","dateModified":"2014-01-28T00:17:48+00:00","breadcrumb":{"@id":"http:\/\/www.rufv-altendorf.de\/?page_id=36#breadcrumb"},"inLanguage":"de","potentialAction":[{"@type":"ReadAction","target":["http:\/\/www.rufv-altendorf.de\/?page_id=36"]}]},{"@type":"BreadcrumbList","@id":"http:\/\/www.rufv-altendorf.de\/?page_id=36#breadcrumb","itemListElement":[{"@type":"ListItem","position":1,"name":"Startseite","item":"http:\/\/www.rufv-altendorf.de\/"},{"@type":"ListItem","position":2,"name":"Unser Verein"}]},{"@type":"WebSite","@id":"http:\/\/www.rufv-altendorf.de\/#website","url":"http:\/\/www.rufv-altendorf.de\/","name":"Reit und Fahrverein Altendorf","description":"","potentialAction":[{"@type":"SearchAction","target":{"@type":"EntryPoint","urlTemplate":"http:\/\/www.rufv-altendorf.de\/?s={search_term_string}"},"query-input":{"@type":"PropertyValueSpecification","valueRequired":true,"valueName":"search_term_string"}}],"inLanguage":"de"}]}},"publishpress_future_action":{"enabled":false,"date":"2026-04-26 15:44:54","action":"change-status","newStatus":"draft","terms":[],"taxonomy":"","extraData":[]},"publishpress_future_workflow_manual_trigger":{"enabledWorkflows":[]},"_links":{"self":[{"href":"http:\/\/www.rufv-altendorf.de\/index.php?rest_route=\/wp\/v2\/pages\/36","targetHints":{"allow":["GET"]}}],"collection":[{"href":"http:\/\/www.rufv-altendorf.de\/index.php?rest_route=\/wp\/v2\/pages"}],"about":[{"href":"http:\/\/www.rufv-altendorf.de\/index.php?rest_route=\/wp\/v2\/types\/page"}],"author":[{"embeddable":true,"href":"http:\/\/www.rufv-altendorf.de\/index.php?rest_route=\/wp\/v2\/users\/1"}],"replies":[{"embeddable":true,"href":"http:\/\/www.rufv-altendorf.de\/index.php?rest_route=%2Fwp%2Fv2%2Fcomments&post=36"}],"version-history":[{"count":3,"href":"http:\/\/www.rufv-altendorf.de\/index.php?rest_route=\/wp\/v2\/pages\/36\/revisions"}],"predecessor-version":[{"id":152,"href":"http:\/\/www.rufv-altendorf.de\/index.php?rest_route=\/wp\/v2\/pages\/36\/revisions\/152"}],"wp:attachment":[{"href":"http:\/\/www.rufv-altendorf.de\/index.php?rest_route=%2Fwp%2Fv2%2Fmedia&parent=36"}],"curies":[{"name":"wp","href":"https:\/\/api.w.org\/{rel}","templated":true}]}}